{"id":11118,"date":"2025-08-25T11:13:17","date_gmt":"2025-08-25T09:13:17","guid":{"rendered":"https:\/\/colive.poush-dev.be\/confirmation-job\/"},"modified":"2025-09-01T11:11:04","modified_gmt":"2025-09-01T09:11:04","slug":"confirmation-job","status":"publish","type":"page","link":"https:\/\/colive.eu\/en\/confirmation-job\/","title":{"rendered":"Confirmation job"},"content":{"rendered":"<p>[et_pb_section fb_built=&#8221;1&#8243; admin_label=&#8221;section&#8221; _builder_version=&#8221;4.16&#8243; custom_padding=&#8221;90px||90px||true|&#8221; global_colors_info=&#8221;{}&#8221;][et_pb_row admin_label=&#8221;row&#8221; _builder_version=&#8221;4.16&#8243; background_size=&#8221;initial&#8221; background_position=&#8221;top_left&#8221; background_repeat=&#8221;repeat&#8221; global_colors_info=&#8221;{}&#8221;][et_pb_column type=&#8221;4_4&#8243; _builder_version=&#8221;4.16&#8243; custom_padding=&#8221;|||&#8221; global_colors_info=&#8221;{}&#8221; custom_padding__hover=&#8221;|||&#8221;][et_pb_text admin_label=&#8221;Text&#8221; _builder_version=&#8221;4.27.4&#8243; background_size=&#8221;initial&#8221; background_position=&#8221;top_left&#8221; background_repeat=&#8221;repeat&#8221; custom_margin=&#8221;||68px|||&#8221; hover_enabled=&#8221;0&#8243; global_colors_info=&#8221;{}&#8221; sticky_enabled=&#8221;0&#8243;]<\/p>\n<h1 style=\"text-align: center;\">Thank you for your application!<\/h1>\n<p style=\"text-align: center;\">Your request has been successfully submitted.<br \/>Our team will carefully review it and get back to you as soon as possible.<\/p>\n<p>[\/et_pb_text][et_pb_button button_url=&#8221;@ET-DC@eyJkeW5hbWljIjp0cnVlLCJjb250ZW50IjoiaG9tZV91cmwiLCJzZXR0aW5ncyI6e319@&#8221; button_text=&#8221;Back to home page&#8221; button_alignment=&#8221;center&#8221; _builder_version=&#8221;4.27.4&#8243; _dynamic_attributes=&#8221;button_text,button_url&#8221; _module_preset=&#8221;_initial&#8221; hover_enabled=&#8221;0&#8243; global_colors_info=&#8221;{}&#8221; sticky_enabled=&#8221;0&#8243;][\/et_pb_button][\/et_pb_column][\/et_pb_row][\/et_pb_section]<\/p>\n","protected":false},"excerpt":{"rendered":"<p>Thank you for your application! Your request has been successfully submitted.Our team will carefully review it and get back to you as soon as possible.<\/p>\n","protected":false},"author":5,"featured_media":0,"parent":0,"menu_order":1010,"comment_status":"closed","ping_status":"closed","template":"","meta":{"_acf_changed":false,"_et_pb_use_builder":"on","_et_pb_old_content":"[vc_row css=\".vc_custom_1650981400486{padding-top: 150px !important;padding-bottom: 150px !important;}\"][vc_column][vc_column_text]\r\n<h1 style=\"text-align: center;\">Merci pour votre demande !<\/h1>\r\n<p style=\"text-align: center;\">Elle a \u00e9t\u00e9 envoy\u00e9e avec succ\u00e8s. Nous la traitons et revenons vers vous dans les plus brefs d\u00e9lais.<\/p>\r\n[\/vc_column_text][dt_default_button link=\"url:https%3A%2F%2Fcolive.eu%2F|title:Accueil\" size=\"big\" button_alignment=\"btn_center\"]Revenez \u00e0 la page d\u2019accueil[\/dt_default_button][\/vc_column][\/vc_row]","_et_gb_content_width":"","footnotes":""},"class_list":["post-11118","page","type-page","status-publish","hentry"],"acf":[],"yoast_head":"<!-- This site is optimized with the Yoast SEO plugin v27.5 - https:\/\/yoast.com\/product\/yoast-seo-wordpress\/ -->\n<title>Confirmation job | Colive | All-inclusive coliving<\/title>\n<meta name=\"robots\" content=\"index, follow, max-snippet:-1, max-image-preview:large, max-video-preview:-1\" \/>\n<link rel=\"canonical\" href=\"https:\/\/colive.eu\/en\/confirmation-job\/\" \/>\n<meta property=\"og:locale\" content=\"en_US\" \/>\n<meta property=\"og:type\" content=\"article\" \/>\n<meta property=\"og:title\" content=\"Confirmation job | Colive | All-inclusive coliving\" \/>\n<meta property=\"og:description\" content=\"Thank you for your application! Your request has been successfully submitted.Our team will carefully review it and get back to you as soon as possible.\" \/>\n<meta property=\"og:url\" content=\"https:\/\/colive.eu\/en\/confirmation-job\/\" \/>\n<meta property=\"og:site_name\" content=\"Colive | All-inclusive coliving\" \/>\n<meta property=\"article:modified_time\" content=\"2025-09-01T09:11:04+00:00\" \/>\n<meta name=\"twitter:card\" content=\"summary_large_image\" \/>\n<meta name=\"twitter:label1\" content=\"Est. reading time\" \/>\n\t<meta name=\"twitter:data1\" content=\"1 minute\" \/>\n<script type=\"application\/ld+json\" class=\"yoast-schema-graph\">{\"@context\":\"https:\\\/\\\/schema.org\",\"@graph\":[{\"@type\":\"WebPage\",\"@id\":\"https:\\\/\\\/colive.eu\\\/en\\\/confirmation-job\\\/\",\"url\":\"https:\\\/\\\/colive.eu\\\/en\\\/confirmation-job\\\/\",\"name\":\"Confirmation job | Colive | All-inclusive coliving\",\"isPartOf\":{\"@id\":\"https:\\\/\\\/colive.eu\\\/en\\\/#website\"},\"datePublished\":\"2025-08-25T09:13:17+00:00\",\"dateModified\":\"2025-09-01T09:11:04+00:00\",\"breadcrumb\":{\"@id\":\"https:\\\/\\\/colive.eu\\\/en\\\/confirmation-job\\\/#breadcrumb\"},\"inLanguage\":\"en\",\"potentialAction\":[{\"@type\":\"ReadAction\",\"target\":[\"https:\\\/\\\/colive.eu\\\/en\\\/confirmation-job\\\/\"]}]},{\"@type\":\"BreadcrumbList\",\"@id\":\"https:\\\/\\\/colive.eu\\\/en\\\/confirmation-job\\\/#breadcrumb\",\"itemListElement\":[{\"@type\":\"ListItem\",\"position\":1,\"name\":\"Accueil\",\"item\":\"https:\\\/\\\/colive.eu\\\/en\\\/accueil\\\/\"},{\"@type\":\"ListItem\",\"position\":2,\"name\":\"Confirmation job\"}]},{\"@type\":\"WebSite\",\"@id\":\"https:\\\/\\\/colive.eu\\\/en\\\/#website\",\"url\":\"https:\\\/\\\/colive.eu\\\/en\\\/\",\"name\":\"Colive | All-inclusive coliving\",\"description\":\"\",\"potentialAction\":[{\"@type\":\"SearchAction\",\"target\":{\"@type\":\"EntryPoint\",\"urlTemplate\":\"https:\\\/\\\/colive.eu\\\/en\\\/?s={search_term_string}\"},\"query-input\":{\"@type\":\"PropertyValueSpecification\",\"valueRequired\":true,\"valueName\":\"search_term_string\"}}],\"inLanguage\":\"en\"}]}<\/script>\n<!-- \/ Yoast SEO plugin. -->","yoast_head_json":{"title":"Confirmation job | Colive | All-inclusive coliving","robots":{"index":"index","follow":"follow","max-snippet":"max-snippet:-1","max-image-preview":"max-image-preview:large","max-video-preview":"max-video-preview:-1"},"canonical":"https:\/\/colive.eu\/en\/confirmation-job\/","og_locale":"en_US","og_type":"article","og_title":"Confirmation job | Colive | All-inclusive coliving","og_description":"Thank you for your application! Your request has been successfully submitted.Our team will carefully review it and get back to you as soon as possible.","og_url":"https:\/\/colive.eu\/en\/confirmation-job\/","og_site_name":"Colive | All-inclusive coliving","article_modified_time":"2025-09-01T09:11:04+00:00","twitter_card":"summary_large_image","twitter_misc":{"Est. reading time":"1 minute"},"schema":{"@context":"https:\/\/schema.org","@graph":[{"@type":"WebPage","@id":"https:\/\/colive.eu\/en\/confirmation-job\/","url":"https:\/\/colive.eu\/en\/confirmation-job\/","name":"Confirmation job | Colive | All-inclusive coliving","isPartOf":{"@id":"https:\/\/colive.eu\/en\/#website"},"datePublished":"2025-08-25T09:13:17+00:00","dateModified":"2025-09-01T09:11:04+00:00","breadcrumb":{"@id":"https:\/\/colive.eu\/en\/confirmation-job\/#breadcrumb"},"inLanguage":"en","potentialAction":[{"@type":"ReadAction","target":["https:\/\/colive.eu\/en\/confirmation-job\/"]}]},{"@type":"BreadcrumbList","@id":"https:\/\/colive.eu\/en\/confirmation-job\/#breadcrumb","itemListElement":[{"@type":"ListItem","position":1,"name":"Accueil","item":"https:\/\/colive.eu\/en\/accueil\/"},{"@type":"ListItem","position":2,"name":"Confirmation job"}]},{"@type":"WebSite","@id":"https:\/\/colive.eu\/en\/#website","url":"https:\/\/colive.eu\/en\/","name":"Colive | All-inclusive coliving","description":"","potentialAction":[{"@type":"SearchAction","target":{"@type":"EntryPoint","urlTemplate":"https:\/\/colive.eu\/en\/?s={search_term_string}"},"query-input":{"@type":"PropertyValueSpecification","valueRequired":true,"valueName":"search_term_string"}}],"inLanguage":"en"}]}},"_links":{"self":[{"href":"https:\/\/colive.eu\/en\/wp-json\/wp\/v2\/pages\/11118","targetHints":{"allow":["GET"]}}],"collection":[{"href":"https:\/\/colive.eu\/en\/wp-json\/wp\/v2\/pages"}],"about":[{"href":"https:\/\/colive.eu\/en\/wp-json\/wp\/v2\/types\/page"}],"author":[{"embeddable":true,"href":"https:\/\/colive.eu\/en\/wp-json\/wp\/v2\/users\/5"}],"replies":[{"embeddable":true,"href":"https:\/\/colive.eu\/en\/wp-json\/wp\/v2\/comments?post=11118"}],"version-history":[{"count":1,"href":"https:\/\/colive.eu\/en\/wp-json\/wp\/v2\/pages\/11118\/revisions"}],"predecessor-version":[{"id":11124,"href":"https:\/\/colive.eu\/en\/wp-json\/wp\/v2\/pages\/11118\/revisions\/11124"}],"wp:attachment":[{"href":"https:\/\/colive.eu\/en\/wp-json\/wp\/v2\/media?parent=11118"}],"curies":[{"name":"wp","href":"https:\/\/api.w.org\/{rel}","templated":true}]}}